{"id":602,"date":"2024-06-19T09:50:09","date_gmt":"2024-06-19T09:50:09","guid":{"rendered":"https:\/\/teachmepadel.com\/anadir-clase-de-padel\/"},"modified":"2025-07-17T14:57:43","modified_gmt":"2025-07-17T14:57:43","slug":"agregar-clase-de-padel","status":"publish","type":"page","link":"https:\/\/teachmepadel.com\/es\/agregar-clase-de-padel\/","title":{"rendered":"Agregar clase de p\u00e1del"},"content":{"rendered":"<style>.kb-image373_f57eb9-e4 .kb-image-has-overlay:after{opacity:0.3;}<\/style>\r\n<div class=\"wp-block-kadence-image kb-image373_f57eb9-e4\">\r\n<figure class=\"alignright size-full\"><img loading=\"lazy\" decoding=\"async\" width=\"300\" height=\"200\" class=\"kb-img wp-image-398\" src=\"https:\/\/teachmepadel.com\/wp-content\/uploads\/2024\/06\/women-padel-players-on-court.jpg\" alt=\"jugadoras de padel en la pista durante la clase\"><\/figure>\r\n<\/div>\r\n&#13;\n<p>\u00bfOfreces clases de p\u00e1del a grupos de jugadores? \u00bfQuieres aumentar el tama\u00f1o de tus clases? <\/p>&#13;\n&#13;\n<p>Teach Me Padel ayuda a empresas y particulares a promocionar sus clases de p\u00e1del entre el p\u00fablico en general. El p\u00e1del es el deporte de m\u00e1s r\u00e1pido crecimiento, con muchos jugadores que buscan mejorar su juego y sus habilidades. <\/p>&#13;\n&#13;\n<p>Inscr\u00edbete en nuestro directorio mundial para ayudar a los jugadores de tu zona a encontrar tus clases de p\u00e1del.<\/p>&#13;\n&#13;\n<p>Ofrecemos listados de empresas gratuitos, adem\u00e1s de mejoras si quieres obtener m\u00e1s visibilidad, como incluir tu sitio web y enlaces a redes sociales, a\u00f1adir m\u00e1s contenido e im\u00e1genes y obtener una insignia destacada en tu perfil.<\/p>&#13;\n&#13;\n<p>Permitimos a los visitantes filtrar los resultados de la b\u00fasqueda para encontrar la clase perfecta en su zona.<\/p>&#13;\n&#13;\n<p>Haz clic en una de las opciones siguientes para empezar a conseguir m\u00e1s clientes:<\/p>&#13;\n<style>.kadence-column373_8f6620-8b > .kt-inside-inner-col,.kadence-column373_8f6620-8b > .kt-inside-inner-col:before{border-top-left-radius:0px;border-top-right-radius:0px;border-bottom-right-radius:0px;border-bottom-left-radius:0px;}.kadence-column373_8f6620-8b > .kt-inside-inner-col{column-gap:var(--global-kb-gap-sm, 1rem);}.kadence-column373_8f6620-8b > .kt-inside-inner-col{flex-direction:column;}.kadence-column373_8f6620-8b > .kt-inside-inner-col > .aligncenter{width:100%;}.kadence-column373_8f6620-8b > .kt-inside-inner-col:before{opacity:0.3;}.kadence-column373_8f6620-8b{position:relative;}@media all and (max-width: 1024px){.kadence-column373_8f6620-8b > .kt-inside-inner-col{flex-direction:column;justify-content:center;}}@media all and (max-width: 767px){.kadence-column373_8f6620-8b > .kt-inside-inner-col{flex-direction:column;justify-content:center;}}<\/style>\r\n<div class=\"wp-block-kadence-column kadence-column373_8f6620-8b\">\r\n<div class=\"kt-inside-inner-col\">\u00a0<\/div>\r\n<\/div>\r\n<div id=\"rpt_pricr\" class=\"rpt_plans rpt_2_plans rpt_style_basic\"><div class=\"\"><div class=\"rpt_plan  rpt_plugin_f rpt_plan_0  \"><div style=\"text-align:center;\" class=\"rpt_title rpt_title_0\">Gratis<\/div><div class=\"rpt_head rpt_head_0\"><div class=\"rpt_recurrence rpt_recurrence_0\">monthly<\/div><div class=\"rpt_price rpt_price_0\">$0 USD<\/div><\/div><div class=\"rpt_features rpt_features_0\"><div style=\"color:black;\" class=\"rpt_feature rpt_feature_0-0\">Nombre de clase\r<\/div><div style=\"color:black;\" class=\"rpt_feature rpt_feature_0-1\">Descripci\u00f3n (hasta 2000 caracteres)\r<\/div><div style=\"color:black;\" class=\"rpt_feature rpt_feature_0-2\">1 imagen\r<\/div><div style=\"color:black;\" class=\"rpt_feature rpt_feature_0-3\">DIRECCI\u00d3N\r<\/div><div style=\"color:black;\" class=\"rpt_feature rpt_feature_0-4\">Correo electr\u00f3nico\r<\/div><div style=\"color:black;\" class=\"rpt_feature rpt_feature_0-5\">Tel\u00e9fono\r<\/div><div style=\"color:black;\" class=\"rpt_feature rpt_feature_0-6\">Precio<\/div><\/div><a target=\"_blank\" href=\"https:\/\/teachmepadel.com\/es\/agregar-listado\/clases\/?package_id=2\" style=\"background:#db9202\" class=\"rpt_foot rpt_foot_0\">\u00a1Reg\u00edstrese ahora gratis!<\/a><\/div><div class=\"rpt_plan  rpt_plugin_f rpt_plan_1  \"><div style=\"text-align:center;\" class=\"rpt_title rpt_title_1\">De primera calidad<\/div><div class=\"rpt_head rpt_head_1\"><div class=\"rpt_recurrence rpt_recurrence_1\">Mensual<\/div><div class=\"rpt_price rpt_price_1\">$24.99 USD<\/div><\/div><div class=\"rpt_features rpt_features_1\"><div style=\"color:black;\" class=\"rpt_feature rpt_feature_1-0\">nombre de clase\r<\/div><div style=\"color:black;\" class=\"rpt_feature rpt_feature_1-1\">Descripci\u00f3n (hasta 5000 caracteres)\r<\/div><div style=\"color:black;\" class=\"rpt_feature rpt_feature_1-2\">7 im\u00e1genes\r<\/div><div style=\"color:black;\" class=\"rpt_feature rpt_feature_1-3\">DIRECCI\u00d3N\r<\/div><div style=\"color:black;\" class=\"rpt_feature rpt_feature_1-4\">Correo electr\u00f3nico\r<\/div><div style=\"color:black;\" class=\"rpt_feature rpt_feature_1-5\">Tel\u00e9fono\r<\/div><div style=\"color:black;\" class=\"rpt_feature rpt_feature_1-6\">Precio\r<\/div><div style=\"color:black;\" class=\"rpt_feature rpt_feature_1-7\">Insignia destacada\r<\/div><div style=\"color:black;\" class=\"rpt_feature rpt_feature_1-8\">Enlaces a tus v\u00eddeos\r<\/div><div style=\"color:black;\" class=\"rpt_feature rpt_feature_1-9\">URL del sitio web\r<\/div><div style=\"color:black;\" class=\"rpt_feature rpt_feature_1-10\">URL de Facebook\r<\/div><div style=\"color:black;\" class=\"rpt_feature rpt_feature_1-11\">URL de Instagram\r<\/div><div style=\"color:black;\" class=\"rpt_feature rpt_feature_1-12\">URL de Twitter<\/div><\/div><a target=\"_blank\" href=\"https:\/\/teachmepadel.com\/es\/agregar-listado\/clases\/?package_id=4\" style=\"background:#81d742\" class=\"rpt_foot rpt_foot_1\">Reg\u00edstrate ahora!<\/a><\/div><\/div><\/div><div style=\"clear:both;\"><\/div>\n","protected":false},"excerpt":{"rendered":"<p>&#13; \u00bfOfreces clases de p\u00e1del a grupos de jugadores? \u00bfQuieres aumentar el tama\u00f1o de tus clases? &#13; &#13; Teach Me Padel ayuda a empresas y particulares a promocionar sus clases de p\u00e1del entre el p\u00fablico en general. El p\u00e1del es el deporte de m\u00e1s r\u00e1pido crecimiento, con muchos jugadores que buscan mejorar su juego y&#8230;<\/p>\n","protected":false},"author":1002,"featured_media":0,"parent":0,"menu_order":0,"comment_status":"closed","ping_status":"closed","template":"","meta":{"_kad_post_transparent":"default","_kad_post_title":"default","_kad_post_layout":"default","_kad_post_sidebar_id":"","_kad_post_content_style":"default","_kad_post_vertical_padding":"default","_kad_post_feature":"","_kad_post_feature_position":"","_kad_post_header":false,"_kad_post_footer":false,"footnotes":""},"class_list":["post-602","page","type-page","status-publish","hentry"],"yoast_head":"<!-- This site is optimized with the Yoast SEO plugin v27.1.1 - https:\/\/yoast.com\/product\/yoast-seo-wordpress\/ -->\n<title>Agregar clase de p\u00e1del - Teach Me Padel<\/title>\n<meta name=\"robots\" content=\"index, follow, max-snippet:-1, max-image-preview:large, max-video-preview:-1\" \/>\n<link rel=\"canonical\" href=\"https:\/\/teachmepadel.com\/es\/agregar-clase-de-padel\/\" \/>\n<meta property=\"og:locale\" content=\"es_ES\" \/>\n<meta property=\"og:type\" content=\"article\" \/>\n<meta property=\"og:title\" content=\"Agregar clase de p\u00e1del - Teach Me Padel\" \/>\n<meta property=\"og:description\" content=\"&#013; \u00bfOfreces clases de p\u00e1del a grupos de jugadores? \u00bfQuieres aumentar el tama\u00f1o de tus clases? &#013; &#013; Teach Me Padel ayuda a empresas y par\" \/>\n<meta property=\"og:url\" content=\"https:\/\/teachmepadel.com\/es\/agregar-clase-de-padel\/\" \/>\n<meta property=\"og:site_name\" content=\"Teach Me Padel\" \/>\n<meta property=\"article:modified_time\" content=\"2025-07-17T14:57:43+00:00\" \/>\n<meta property=\"og:image\" content=\"https:\/\/teachmepadel.com\/wp-content\/uploads\/2024\/06\/women-padel-players-on-court.jpg\" \/>\n\t<meta property=\"og:image:width\" content=\"300\" \/>\n\t<meta property=\"og:image:height\" content=\"200\" \/>\n\t<meta property=\"og:image:type\" content=\"image\/jpeg\" \/>\n<meta name=\"twitter:card\" content=\"summary_large_image\" \/>\n<meta name=\"twitter:label1\" content=\"Tiempo de lectura\" \/>\n\t<meta name=\"twitter:data1\" content=\"1 minuto\" \/>\n<script type=\"application\/ld+json\" class=\"yoast-schema-graph\">{\"@context\":\"https:\/\/schema.org\",\"@graph\":[{\"@type\":\"WebPage\",\"@id\":\"https:\/\/teachmepadel.com\/es\/agregar-clase-de-padel\/\",\"url\":\"https:\/\/teachmepadel.com\/es\/agregar-clase-de-padel\/\",\"name\":\"Agregar clase de p\u00e1del - Teach Me Padel\",\"isPartOf\":{\"@id\":\"https:\/\/teachmepadel.com\/es\/#website\"},\"primaryImageOfPage\":{\"@id\":\"https:\/\/teachmepadel.com\/es\/agregar-clase-de-padel\/#primaryimage\"},\"image\":{\"@id\":\"https:\/\/teachmepadel.com\/es\/agregar-clase-de-padel\/#primaryimage\"},\"thumbnailUrl\":\"https:\/\/teachmepadel.com\/wp-content\/uploads\/2024\/06\/women-padel-players-on-court.jpg\",\"datePublished\":\"2024-06-19T09:50:09+00:00\",\"dateModified\":\"2025-07-17T14:57:43+00:00\",\"breadcrumb\":{\"@id\":\"https:\/\/teachmepadel.com\/es\/agregar-clase-de-padel\/#breadcrumb\"},\"inLanguage\":\"es\",\"potentialAction\":[{\"@type\":\"ReadAction\",\"target\":[\"https:\/\/teachmepadel.com\/es\/agregar-clase-de-padel\/\"]}]},{\"@type\":\"ImageObject\",\"inLanguage\":\"es\",\"@id\":\"https:\/\/teachmepadel.com\/es\/agregar-clase-de-padel\/#primaryimage\",\"url\":\"https:\/\/teachmepadel.com\/wp-content\/uploads\/2024\/06\/women-padel-players-on-court.jpg\",\"contentUrl\":\"https:\/\/teachmepadel.com\/wp-content\/uploads\/2024\/06\/women-padel-players-on-court.jpg\"},{\"@type\":\"BreadcrumbList\",\"@id\":\"https:\/\/teachmepadel.com\/es\/agregar-clase-de-padel\/#breadcrumb\",\"itemListElement\":[{\"@type\":\"ListItem\",\"position\":1,\"name\":\"Home\",\"item\":\"https:\/\/teachmepadel.com\/es\/\"},{\"@type\":\"ListItem\",\"position\":2,\"name\":\"Agregar clase de p\u00e1del\"}]},{\"@type\":\"WebSite\",\"@id\":\"https:\/\/teachmepadel.com\/es\/#website\",\"url\":\"https:\/\/teachmepadel.com\/es\/\",\"name\":\"Teach Me Padel\",\"description\":\"\",\"publisher\":{\"@id\":\"https:\/\/teachmepadel.com\/es\/#organization\"},\"potentialAction\":[{\"@type\":\"SearchAction\",\"target\":{\"@type\":\"EntryPoint\",\"urlTemplate\":\"https:\/\/teachmepadel.com\/es\/?s={search_term_string}\"},\"query-input\":{\"@type\":\"PropertyValueSpecification\",\"valueRequired\":true,\"valueName\":\"search_term_string\"}}],\"inLanguage\":\"es\"},{\"@type\":\"Organization\",\"@id\":\"https:\/\/teachmepadel.com\/es\/#organization\",\"name\":\"Teach Me Padel\",\"url\":\"https:\/\/teachmepadel.com\/es\/\",\"logo\":{\"@type\":\"ImageObject\",\"inLanguage\":\"es\",\"@id\":\"https:\/\/teachmepadel.com\/es\/#\/schema\/logo\/image\/\",\"url\":\"https:\/\/teachmepadel.com\/wp-content\/uploads\/2024\/05\/logo-for-teach-me-padel-site.jpeg\",\"contentUrl\":\"https:\/\/teachmepadel.com\/wp-content\/uploads\/2024\/05\/logo-for-teach-me-padel-site.jpeg\",\"width\":1023,\"height\":506,\"caption\":\"Teach Me Padel\"},\"image\":{\"@id\":\"https:\/\/teachmepadel.com\/es\/#\/schema\/logo\/image\/\"}}]}<\/script>\n<!-- \/ Yoast SEO plugin. -->","yoast_head_json":{"title":"Agregar clase de p\u00e1del - Teach Me Padel","robots":{"index":"index","follow":"follow","max-snippet":"max-snippet:-1","max-image-preview":"max-image-preview:large","max-video-preview":"max-video-preview:-1"},"canonical":"https:\/\/teachmepadel.com\/es\/agregar-clase-de-padel\/","og_locale":"es_ES","og_type":"article","og_title":"Agregar clase de p\u00e1del - Teach Me Padel","og_description":"&#13; \u00bfOfreces clases de p\u00e1del a grupos de jugadores? \u00bfQuieres aumentar el tama\u00f1o de tus clases? &#13; &#13; Teach Me Padel ayuda a empresas y par","og_url":"https:\/\/teachmepadel.com\/es\/agregar-clase-de-padel\/","og_site_name":"Teach Me Padel","article_modified_time":"2025-07-17T14:57:43+00:00","og_image":[{"width":300,"height":200,"url":"https:\/\/teachmepadel.com\/wp-content\/uploads\/2024\/06\/women-padel-players-on-court.jpg","type":"image\/jpeg"}],"twitter_card":"summary_large_image","twitter_misc":{"Tiempo de lectura":"1 minuto"},"schema":{"@context":"https:\/\/schema.org","@graph":[{"@type":"WebPage","@id":"https:\/\/teachmepadel.com\/es\/agregar-clase-de-padel\/","url":"https:\/\/teachmepadel.com\/es\/agregar-clase-de-padel\/","name":"Agregar clase de p\u00e1del - Teach Me Padel","isPartOf":{"@id":"https:\/\/teachmepadel.com\/es\/#website"},"primaryImageOfPage":{"@id":"https:\/\/teachmepadel.com\/es\/agregar-clase-de-padel\/#primaryimage"},"image":{"@id":"https:\/\/teachmepadel.com\/es\/agregar-clase-de-padel\/#primaryimage"},"thumbnailUrl":"https:\/\/teachmepadel.com\/wp-content\/uploads\/2024\/06\/women-padel-players-on-court.jpg","datePublished":"2024-06-19T09:50:09+00:00","dateModified":"2025-07-17T14:57:43+00:00","breadcrumb":{"@id":"https:\/\/teachmepadel.com\/es\/agregar-clase-de-padel\/#breadcrumb"},"inLanguage":"es","potentialAction":[{"@type":"ReadAction","target":["https:\/\/teachmepadel.com\/es\/agregar-clase-de-padel\/"]}]},{"@type":"ImageObject","inLanguage":"es","@id":"https:\/\/teachmepadel.com\/es\/agregar-clase-de-padel\/#primaryimage","url":"https:\/\/teachmepadel.com\/wp-content\/uploads\/2024\/06\/women-padel-players-on-court.jpg","contentUrl":"https:\/\/teachmepadel.com\/wp-content\/uploads\/2024\/06\/women-padel-players-on-court.jpg"},{"@type":"BreadcrumbList","@id":"https:\/\/teachmepadel.com\/es\/agregar-clase-de-padel\/#breadcrumb","itemListElement":[{"@type":"ListItem","position":1,"name":"Home","item":"https:\/\/teachmepadel.com\/es\/"},{"@type":"ListItem","position":2,"name":"Agregar clase de p\u00e1del"}]},{"@type":"WebSite","@id":"https:\/\/teachmepadel.com\/es\/#website","url":"https:\/\/teachmepadel.com\/es\/","name":"Teach Me Padel","description":"","publisher":{"@id":"https:\/\/teachmepadel.com\/es\/#organization"},"potentialAction":[{"@type":"SearchAction","target":{"@type":"EntryPoint","urlTemplate":"https:\/\/teachmepadel.com\/es\/?s={search_term_string}"},"query-input":{"@type":"PropertyValueSpecification","valueRequired":true,"valueName":"search_term_string"}}],"inLanguage":"es"},{"@type":"Organization","@id":"https:\/\/teachmepadel.com\/es\/#organization","name":"Teach Me Padel","url":"https:\/\/teachmepadel.com\/es\/","logo":{"@type":"ImageObject","inLanguage":"es","@id":"https:\/\/teachmepadel.com\/es\/#\/schema\/logo\/image\/","url":"https:\/\/teachmepadel.com\/wp-content\/uploads\/2024\/05\/logo-for-teach-me-padel-site.jpeg","contentUrl":"https:\/\/teachmepadel.com\/wp-content\/uploads\/2024\/05\/logo-for-teach-me-padel-site.jpeg","width":1023,"height":506,"caption":"Teach Me Padel"},"image":{"@id":"https:\/\/teachmepadel.com\/es\/#\/schema\/logo\/image\/"}}]}},"_links":{"self":[{"href":"https:\/\/teachmepadel.com\/es\/wp-json\/wp\/v2\/pages\/602","targetHints":{"allow":["GET"]}}],"collection":[{"href":"https:\/\/teachmepadel.com\/es\/wp-json\/wp\/v2\/pages"}],"about":[{"href":"https:\/\/teachmepadel.com\/es\/wp-json\/wp\/v2\/types\/page"}],"author":[{"embeddable":true,"href":"https:\/\/teachmepadel.com\/es\/wp-json\/wp\/v2\/users\/1002"}],"replies":[{"embeddable":true,"href":"https:\/\/teachmepadel.com\/es\/wp-json\/wp\/v2\/comments?post=602"}],"version-history":[{"count":0,"href":"https:\/\/teachmepadel.com\/es\/wp-json\/wp\/v2\/pages\/602\/revisions"}],"wp:attachment":[{"href":"https:\/\/teachmepadel.com\/es\/wp-json\/wp\/v2\/media?parent=602"}],"curies":[{"name":"wp","href":"https:\/\/api.w.org\/{rel}","templated":true}]}}