{"id":812,"date":"2024-05-10T05:10:18","date_gmt":"2024-05-10T05:10:18","guid":{"rendered":"https:\/\/teachmepadel.com\/gp-checkout\/gp-transaction-failed\/"},"modified":"2024-05-10T05:10:18","modified_gmt":"2024-05-10T05:10:18","slug":"gp-transaction-failed","status":"publish","type":"page","link":"https:\/\/teachmepadel.com\/es\/gp-checkout\/gp-transaction-failed\/","title":{"rendered":"Transacci\u00f3n fallida"},"content":{"rendered":"<p>Tu transacci\u00f3n ha fallado, int\u00e9ntalo de nuevo o ponte en contacto con el servicio de asistencia del sitio.<\/p>\n","protected":false},"excerpt":{"rendered":"<p>Tu transacci\u00f3n ha fallado, int\u00e9ntalo de nuevo o ponte en contacto con el servicio de asistencia del sitio.<\/p>\n","protected":false},"author":1002,"featured_media":0,"parent":726,"menu_order":0,"comment_status":"closed","ping_status":"closed","template":"","meta":{"_kad_post_transparent":"","_kad_post_title":"","_kad_post_layout":"","_kad_post_sidebar_id":"","_kad_post_content_style":"","_kad_post_vertical_padding":"","_kad_post_feature":"","_kad_post_feature_position":"","_kad_post_header":false,"_kad_post_footer":false,"footnotes":""},"class_list":["post-812","page","type-page","status-publish","hentry"],"yoast_head":"<!-- This site is optimized with the Yoast SEO plugin v27.1.1 - https:\/\/yoast.com\/product\/yoast-seo-wordpress\/ -->\n<title>Transacci\u00f3n fallida - Teach Me Padel<\/title>\n<meta name=\"robots\" content=\"index, follow, max-snippet:-1, max-image-preview:large, max-video-preview:-1\" \/>\n<link rel=\"canonical\" href=\"https:\/\/teachmepadel.com\/es\/gp-checkout\/gp-transaction-failed\/\" \/>\n<meta property=\"og:locale\" content=\"es_ES\" \/>\n<meta property=\"og:type\" content=\"article\" \/>\n<meta property=\"og:title\" content=\"Transacci\u00f3n fallida - Teach Me Padel\" \/>\n<meta property=\"og:description\" content=\"Tu transacci\u00f3n ha fallado, int\u00e9ntalo de nuevo o ponte en contacto con el servicio de asistencia del sitio.\" \/>\n<meta property=\"og:url\" content=\"https:\/\/teachmepadel.com\/es\/gp-checkout\/gp-transaction-failed\/\" \/>\n<meta property=\"og:site_name\" content=\"Teach Me Padel\" \/>\n<meta name=\"twitter:card\" content=\"summary_large_image\" \/>\n<script type=\"application\/ld+json\" class=\"yoast-schema-graph\">{\"@context\":\"https:\/\/schema.org\",\"@graph\":[{\"@type\":\"WebPage\",\"@id\":\"https:\/\/teachmepadel.com\/es\/gp-checkout\/gp-transaction-failed\/\",\"url\":\"https:\/\/teachmepadel.com\/es\/gp-checkout\/gp-transaction-failed\/\",\"name\":\"Transacci\u00f3n fallida - Teach Me Padel\",\"isPartOf\":{\"@id\":\"https:\/\/teachmepadel.com\/es\/#website\"},\"datePublished\":\"2024-05-10T05:10:18+00:00\",\"breadcrumb\":{\"@id\":\"https:\/\/teachmepadel.com\/es\/gp-checkout\/gp-transaction-failed\/#breadcrumb\"},\"inLanguage\":\"es\",\"potentialAction\":[{\"@type\":\"ReadAction\",\"target\":[\"https:\/\/teachmepadel.com\/es\/gp-checkout\/gp-transaction-failed\/\"]}]},{\"@type\":\"BreadcrumbList\",\"@id\":\"https:\/\/teachmepadel.com\/es\/gp-checkout\/gp-transaction-failed\/#breadcrumb\",\"itemListElement\":[{\"@type\":\"ListItem\",\"position\":1,\"name\":\"Home\",\"item\":\"https:\/\/teachmepadel.com\/es\/\"},{\"@type\":\"ListItem\",\"position\":2,\"name\":\"P\u00e1gina de pago\",\"item\":\"https:\/\/teachmepadel.com\/es\/gp-checkout\/\"},{\"@type\":\"ListItem\",\"position\":3,\"name\":\"Transacci\u00f3n fallida\"}]},{\"@type\":\"WebSite\",\"@id\":\"https:\/\/teachmepadel.com\/es\/#website\",\"url\":\"https:\/\/teachmepadel.com\/es\/\",\"name\":\"Teach Me Padel\",\"description\":\"\",\"publisher\":{\"@id\":\"https:\/\/teachmepadel.com\/es\/#organization\"},\"potentialAction\":[{\"@type\":\"SearchAction\",\"target\":{\"@type\":\"EntryPoint\",\"urlTemplate\":\"https:\/\/teachmepadel.com\/es\/?s={search_term_string}\"},\"query-input\":{\"@type\":\"PropertyValueSpecification\",\"valueRequired\":true,\"valueName\":\"search_term_string\"}}],\"inLanguage\":\"es\"},{\"@type\":\"Organization\",\"@id\":\"https:\/\/teachmepadel.com\/es\/#organization\",\"name\":\"Teach Me Padel\",\"url\":\"https:\/\/teachmepadel.com\/es\/\",\"logo\":{\"@type\":\"ImageObject\",\"inLanguage\":\"es\",\"@id\":\"https:\/\/teachmepadel.com\/es\/#\/schema\/logo\/image\/\",\"url\":\"https:\/\/teachmepadel.com\/wp-content\/uploads\/2024\/05\/logo-for-teach-me-padel-site.jpeg\",\"contentUrl\":\"https:\/\/teachmepadel.com\/wp-content\/uploads\/2024\/05\/logo-for-teach-me-padel-site.jpeg\",\"width\":1023,\"height\":506,\"caption\":\"Teach Me Padel\"},\"image\":{\"@id\":\"https:\/\/teachmepadel.com\/es\/#\/schema\/logo\/image\/\"}}]}<\/script>\n<!-- \/ Yoast SEO plugin. -->","yoast_head_json":{"title":"Transacci\u00f3n fallida - Teach Me Padel","robots":{"index":"index","follow":"follow","max-snippet":"max-snippet:-1","max-image-preview":"max-image-preview:large","max-video-preview":"max-video-preview:-1"},"canonical":"https:\/\/teachmepadel.com\/es\/gp-checkout\/gp-transaction-failed\/","og_locale":"es_ES","og_type":"article","og_title":"Transacci\u00f3n fallida - Teach Me Padel","og_description":"Tu transacci\u00f3n ha fallado, int\u00e9ntalo de nuevo o ponte en contacto con el servicio de asistencia del sitio.","og_url":"https:\/\/teachmepadel.com\/es\/gp-checkout\/gp-transaction-failed\/","og_site_name":"Teach Me Padel","twitter_card":"summary_large_image","schema":{"@context":"https:\/\/schema.org","@graph":[{"@type":"WebPage","@id":"https:\/\/teachmepadel.com\/es\/gp-checkout\/gp-transaction-failed\/","url":"https:\/\/teachmepadel.com\/es\/gp-checkout\/gp-transaction-failed\/","name":"Transacci\u00f3n fallida - Teach Me Padel","isPartOf":{"@id":"https:\/\/teachmepadel.com\/es\/#website"},"datePublished":"2024-05-10T05:10:18+00:00","breadcrumb":{"@id":"https:\/\/teachmepadel.com\/es\/gp-checkout\/gp-transaction-failed\/#breadcrumb"},"inLanguage":"es","potentialAction":[{"@type":"ReadAction","target":["https:\/\/teachmepadel.com\/es\/gp-checkout\/gp-transaction-failed\/"]}]},{"@type":"BreadcrumbList","@id":"https:\/\/teachmepadel.com\/es\/gp-checkout\/gp-transaction-failed\/#breadcrumb","itemListElement":[{"@type":"ListItem","position":1,"name":"Home","item":"https:\/\/teachmepadel.com\/es\/"},{"@type":"ListItem","position":2,"name":"P\u00e1gina de pago","item":"https:\/\/teachmepadel.com\/es\/gp-checkout\/"},{"@type":"ListItem","position":3,"name":"Transacci\u00f3n fallida"}]},{"@type":"WebSite","@id":"https:\/\/teachmepadel.com\/es\/#website","url":"https:\/\/teachmepadel.com\/es\/","name":"Teach Me Padel","description":"","publisher":{"@id":"https:\/\/teachmepadel.com\/es\/#organization"},"potentialAction":[{"@type":"SearchAction","target":{"@type":"EntryPoint","urlTemplate":"https:\/\/teachmepadel.com\/es\/?s={search_term_string}"},"query-input":{"@type":"PropertyValueSpecification","valueRequired":true,"valueName":"search_term_string"}}],"inLanguage":"es"},{"@type":"Organization","@id":"https:\/\/teachmepadel.com\/es\/#organization","name":"Teach Me Padel","url":"https:\/\/teachmepadel.com\/es\/","logo":{"@type":"ImageObject","inLanguage":"es","@id":"https:\/\/teachmepadel.com\/es\/#\/schema\/logo\/image\/","url":"https:\/\/teachmepadel.com\/wp-content\/uploads\/2024\/05\/logo-for-teach-me-padel-site.jpeg","contentUrl":"https:\/\/teachmepadel.com\/wp-content\/uploads\/2024\/05\/logo-for-teach-me-padel-site.jpeg","width":1023,"height":506,"caption":"Teach Me Padel"},"image":{"@id":"https:\/\/teachmepadel.com\/es\/#\/schema\/logo\/image\/"}}]}},"_links":{"self":[{"href":"https:\/\/teachmepadel.com\/es\/wp-json\/wp\/v2\/pages\/812","targetHints":{"allow":["GET"]}}],"collection":[{"href":"https:\/\/teachmepadel.com\/es\/wp-json\/wp\/v2\/pages"}],"about":[{"href":"https:\/\/teachmepadel.com\/es\/wp-json\/wp\/v2\/types\/page"}],"author":[{"embeddable":true,"href":"https:\/\/teachmepadel.com\/es\/wp-json\/wp\/v2\/users\/1002"}],"replies":[{"embeddable":true,"href":"https:\/\/teachmepadel.com\/es\/wp-json\/wp\/v2\/comments?post=812"}],"version-history":[{"count":0,"href":"https:\/\/teachmepadel.com\/es\/wp-json\/wp\/v2\/pages\/812\/revisions"}],"up":[{"embeddable":true,"href":"https:\/\/teachmepadel.com\/es\/wp-json\/wp\/v2\/pages\/726"}],"wp:attachment":[{"href":"https:\/\/teachmepadel.com\/es\/wp-json\/wp\/v2\/media?parent=812"}],"curies":[{"name":"wp","href":"https:\/\/api.w.org\/{rel}","templated":true}]}}